{"id":2678,"date":"2022-11-23T14:54:50","date_gmt":"2022-11-23T14:54:50","guid":{"rendered":"https:\/\/biez.lmstudio.agency\/mentions-legales\/"},"modified":"2024-03-01T15:47:17","modified_gmt":"2024-03-01T15:47:17","slug":"juridische-informatie","status":"publish","type":"page","link":"https:\/\/biez-traiteur.com\/nl\/juridische-informatie\/","title":{"rendered":"Juridische informatie"},"content":{"rendered":"<h1>Mentions l\u00e9gales<\/h1>\n<div>\n<p>Le pr\u00e9sent site internet https:\/\/biez-traiteur.com est \u00e9dit\u00e9 par la soci\u00e9t\u00e9 Thomaere Nicolas &#038; Victor SASPJ dont le si\u00e8ge social est situ\u00e9 Rue De Maire 1A \u00e0 7503 Tournai.<\/p>\n<ul>\n<li>N\u00b0 TVA : <span>BE 0871.955.269<\/span><\/li>\n<\/ul>\n<p>Le Directeur de la publication du pr\u00e9sent site est Thomaere Nicolas &#038; Victor SASPJ.<\/p>\n<p>La gestion administrative et technique est confi\u00e9e \u00e0 L.M. SRL.<\/p>\n<p>Le site est h\u00e9berg\u00e9 par OVH.com dont le si\u00e8ge social est situ\u00e9 2 rue Kellerman \u00e0 59100 Roubaix (France).<\/p>\n<h2>Acc\u00e8s au site<\/h2>\n<p>L\u2019utilisateur de ce site reconna\u00eet disposer de la comp\u00e9tence et des moyens n\u00e9cessaires pour acc\u00e9der et utiliser ce site. Il est \u00e0 rappeler que le fait d\u2019acc\u00e9der ou de se maintenir frauduleusement dans un syst\u00e8me informatique, d\u2019entraver ou de fausser le fonctionnement d\u2019un tel syst\u00e8me, d\u2019introduire ou de modifier frauduleusement des donn\u00e9es dans un syst\u00e8me informatique constitue des d\u00e9lits passibles de sanctions p\u00e9nales.<\/p>\n<h2>Droit de propri\u00e9t\u00e9 intellectuelle et industrielle<\/h2>\n<p>Le site https:\/\/biez-traiteur.com constitue \u00e0 la fois une cr\u00e9ation prot\u00e9g\u00e9e par le droit d\u2019auteur et une base de donn\u00e9es sur laquelle Thomaere Nicolas &#038; Victor SASPJ d\u00e9tient les droits d\u2019auteur et les droits en tant que producteur. Les textes, lay-out, dessins, photos, films, graphiques et autres \u00e9l\u00e9ments de ce site sont prot\u00e9g\u00e9s par le droit d\u2019auteur. Toute copie, adaptation, traduction, arrangement, communication au public, location et autre exploitation, modification de tout ou partie de ce site sous quelle que forme et par quel que moyen que ce soit, \u00e9lectronique, m\u00e9canique ou autre, est strictement interdit sauf accord pr\u00e9alable et \u00e9crit de Thomaere Nicolas &#038; Victor SASPJ. Le contenu de la base de donn\u00e9es est prot\u00e9g\u00e9 par un droit sui generis qui autorise le producteur \u00e0 interdire toute extraction et\/ou r\u00e9utilisation de tout ou partie de ce contenu. Toute infraction \u00e0 ces droits peut entra\u00eener des poursuites civiles ou p\u00e9nales.<\/p>\n<h2>Mise en garde quant \u00e0 l\u2019information fournie sur le site<\/h2>\n<p>Thomaere Nicolas &#038; Victor SASPJ apporte le plus grand soin \u00e0 la cr\u00e9ation et \u00e0 la mise \u00e0 jour du site. Thomaere Nicolas &#038; Victor SASPJ \u00e9diteur de ce site, s\u2019efforce d\u2019assurer au mieux de ses possibilit\u00e9s, l\u2019exactitude et la mise \u00e0 jour des informations diffus\u00e9es sur le site au moment de leur mise en ligne. Cependant, il ne garantit en aucune fa\u00e7on l\u2019exactitude, la pr\u00e9cision ou l\u2019exhaustivit\u00e9 des informations mises \u00e0 disposition sur le site et se r\u00e9serve le droit de modifier ou de corriger, \u00e0 tout moment et sans pr\u00e9avis pr\u00e9alable le contenu des renseignements et documents publi\u00e9s sur le site.<\/p>\n<p>De fait, Thomaere Nicolas &#038; Victor SASPJ d\u00e9cline toute responsabilit\u00e9 pour toute impr\u00e9cision, inexactitude, omission ou modification portant sur des informations disponibles sur ce site, notamment en cas d\u2019\u00e9volution des dispositions administratives et juridiques, ainsi que pour tous les dommages r\u00e9sultant d\u2019une intrusion frauduleuse d\u2019un tiers, notamment lorsqu\u2019elle pourrait entra\u00eener une modification des informations mises \u00e0 disposition sur ce site. A cet \u00e9gard, la responsabilit\u00e9 de Thomaere Nicolas &#038; Victor SASPJ ne saurait \u00eatre retenue quant au contenu des pr\u00e9sentes pages et \u00e0 l\u2019utilisation qui pourrait \u00eatre faites par l\u2019internaute, \u00e0 savoir pour tous dommages, directs ou indirects provoqu\u00e9s par l\u2019acc\u00e8s ou l\u2019utilisation du site par quiconque ou encore par l\u2019impossibilit\u00e9 d\u2019y acc\u00e9der. En outre, Thomaere Nicolas &#038; Victor SASPJ ne pourra en aucun cas \u00eatre retenue pour responsable de dommages r\u00e9sultant de l\u2019interpr\u00e9tation et\/ou de l\u2019utilisation des informations disponibles sur ce site.<\/p>\n<h2>Liens hypertextes<\/h2>\n<p>Notre site internet contient des liens hypertextes permettant l\u2019acc\u00e8s \u00e0 des sites qui ne sont pas \u00e9dit\u00e9s par Thomaere Nicolas &#038; Victor SASPJ. En cons\u00e9quence, Thomaere Nicolas &#038; Victor SASPJ ne saurait \u00eatre tenus responsable du contenu des sites auxquels l\u2019internaute aurait ainsi acc\u00e8s. Thomaere Nicolas &#038; Victor SASPJ n\u2019est pas responsable ni de leur int\u00e9gral respect aux normes d\u2019ordre public et bonnes m\u0153urs, d\u2019une part, ni de leur politique de protection des donn\u00e9es personnelles ou d\u2019utilisation qui en seraient faites, d\u2019autre part.<\/p>\n<p>En acc\u00e9dant \u00e0 un autre site, par l\u2019interm\u00e9diaire d\u2019un lien hypertexte, l\u2019utilisateur accepte que cet acc\u00e8s s\u2019effectue \u00e0 ses risques et p\u00e9rils. En cons\u00e9quence, tout pr\u00e9judice direct ou indirect r\u00e9sultant de son acc\u00e8s \u00e0 un autre site reli\u00e9 par un lien hypertexte ne peut engager la responsabilit\u00e9 de Thomaere Nicolas &#038; Victor SASPJ. Enfin, la cr\u00e9ation de liens hypertextes vers notre site doit faire l\u2019objet d\u2019une autorisation au pr\u00e9alable de l\u2019\u00e9diteur.<\/p>\n<h2>Modification des pr\u00e9sentes mentions et droit applicable<\/h2>\n<p>Le droit applicable est le droit Belge. Thomaere Nicolas &#038; Victor SASPJ se r\u00e9serve le droit de modifier ou de compl\u00e9ter les pr\u00e9sentes mentions \u00e0 tout moment et sans pr\u00e9avis.<\/p>\n<\/div>\n<p><!--more--><br \/>\n<!-- {\"type\":\"layout\",\"children\":[{\"name\":\"Legal\",\"type\":\"section\",\"props\":{\"height\":\"percent\",\"image_effect\":\"parallax\",\"image_parallax_bgy\":\"300,450\",\"image_parallax_easing\":\"1\",\"image_position\":\"bottom-right\",\"image_width\":\"700\",\"padding\":\"large\",\"style\":\"default\",\"title_breakpoint\":\"xl\",\"title_position\":\"top-left\",\"title_rotation\":\"left\",\"vertical_align\":\"middle\",\"width\":\"\"},\"children\":[{\"type\":\"row\",\"props\":{\"margin_remove_bottom\":true,\"width\":\"large\"},\"children\":[{\"type\":\"column\",\"props\":{\"image_position\":\"center-center\",\"position_sticky_breakpoint\":\"m\",\"width_medium\":\"1-1\"},\"children\":[{\"type\":\"headline\",\"props\":{\"block_align\":\"center\",\"content\":\"Mentions l\\u00e9gales\",\"margin\":\"medium\",\"maxwidth\":\"xlarge\",\"text_align\":\"center\",\"title_element\":\"h1\",\"title_style\":\"heading-small\"}}]}]},{\"type\":\"row\",\"children\":[{\"type\":\"column\",\"props\":{\"image_position\":\"center-center\",\"position_sticky_breakpoint\":\"m\",\"preserve_color\":true},\"children\":[{\"type\":\"text\",\"props\":{\"column_breakpoint\":\"m\",\"content\":\"\n\n<p>Le pr\\u00e9sent site internet https:\\\/\\\/biez-traiteur.com est \\u00e9dit\\u00e9 par la soci\\u00e9t\\u00e9 Thomaere Nicolas & Victor SASPJ dont le si\\u00e8ge social est situ\\u00e9 Rue De Maire 1A \\u00e0 7503 Tournai.<\\\/p>\\n\n\n<ul>\\n\n\n<li>N\\u00b0 TVA : <span>BE 0871.955.269<\\\/span><\\\/li>\\n<\\\/ul>\\n\n\n<p>Le Directeur de la publication du pr\\u00e9sent site est Thomaere Nicolas & Victor SASPJ.<\\\/p>\\n\n\n<p>La gestion administrative et technique est confi\\u00e9e \\u00e0 L.M. SRL.<\\\/p>\\n\n\n<p>Le site est h\\u00e9berg\\u00e9 par OVH.com dont le si\\u00e8ge social est situ\\u00e9 2 rue Kellerman \\u00e0 59100 Roubaix (France).<\\\/p>\\n\n\n<h2>Acc\\u00e8s au site<\\\/h2>\\n\n\n<p>L\\u2019utilisateur de ce site reconna\\u00eet disposer de la comp\\u00e9tence et des moyens n\\u00e9cessaires pour acc\\u00e9der et utiliser ce site. Il est \\u00e0 rappeler que le fait d\\u2019acc\\u00e9der ou de se maintenir frauduleusement dans un syst\\u00e8me informatique, d\\u2019entraver ou de fausser le fonctionnement d\\u2019un tel syst\\u00e8me, d\\u2019introduire ou de modifier frauduleusement des donn\\u00e9es dans un syst\\u00e8me informatique constitue des d\\u00e9lits passibles de sanctions p\\u00e9nales.<\\\/p>\\n\n\n<h2>Droit de propri\\u00e9t\\u00e9 intellectuelle et industrielle<\\\/h2>\\n\n\n<p>Le site https:\\\/\\\/biez-traiteur.com constitue \\u00e0 la fois une cr\\u00e9ation prot\\u00e9g\\u00e9e par le droit d\\u2019auteur et une base de donn\\u00e9es sur laquelle Thomaere Nicolas & Victor SASPJ d\\u00e9tient les droits d\\u2019auteur et les droits en tant que producteur. Les textes, lay-out, dessins, photos, films, graphiques et autres \\u00e9l\\u00e9ments de ce site sont prot\\u00e9g\\u00e9s par le droit d\\u2019auteur. Toute copie, adaptation, traduction, arrangement, communication au public, location et autre exploitation, modification de tout ou partie de ce site sous quelle que forme et par quel que moyen que ce soit, \\u00e9lectronique, m\\u00e9canique ou autre, est strictement interdit sauf accord pr\\u00e9alable et \\u00e9crit de Thomaere Nicolas & Victor SASPJ. Le contenu de la base de donn\\u00e9es est prot\\u00e9g\\u00e9 par un droit sui generis qui autorise le producteur \\u00e0 interdire toute extraction et\\\/ou r\\u00e9utilisation de tout ou partie de ce contenu. Toute infraction \\u00e0 ces droits peut entra\\u00eener des poursuites civiles ou p\\u00e9nales.<\\\/p>\\n\n\n<h2>Mise en garde quant \\u00e0 l\\u2019information fournie sur le site<\\\/h2>\\n\n\n<p>Thomaere Nicolas & Victor SASPJ apporte le plus grand soin \\u00e0 la cr\\u00e9ation et \\u00e0 la mise \\u00e0 jour du site. Thomaere Nicolas & Victor SASPJ \\u00e9diteur de ce site, s\\u2019efforce d\\u2019assurer au mieux de ses possibilit\\u00e9s, l\\u2019exactitude et la mise \\u00e0 jour des informations diffus\\u00e9es sur le site au moment de leur mise en ligne. Cependant, il ne garantit en aucune fa\\u00e7on l\\u2019exactitude, la pr\\u00e9cision ou l\\u2019exhaustivit\\u00e9 des informations mises \\u00e0 disposition sur le site et se r\\u00e9serve le droit de modifier ou de corriger, \\u00e0 tout moment et sans pr\\u00e9avis pr\\u00e9alable le contenu des renseignements et documents publi\\u00e9s sur le site.<\\\/p>\\n\n\n<p>De fait, Thomaere Nicolas & Victor SASPJ d\\u00e9cline toute responsabilit\\u00e9 pour toute impr\\u00e9cision, inexactitude, omission ou modification portant sur des informations disponibles sur ce site, notamment en cas d\\u2019\\u00e9volution des dispositions administratives et juridiques, ainsi que pour tous les dommages r\\u00e9sultant d\\u2019une intrusion frauduleuse d\\u2019un tiers, notamment lorsqu\\u2019elle pourrait entra\\u00eener une modification des informations mises \\u00e0 disposition sur ce site. A cet \\u00e9gard, la responsabilit\\u00e9 de Thomaere Nicolas & Victor SASPJ ne saurait \\u00eatre retenue quant au contenu des pr\\u00e9sentes pages et \\u00e0 l\\u2019utilisation qui pourrait \\u00eatre faites par l\\u2019internaute, \\u00e0 savoir pour tous dommages, directs ou indirects provoqu\\u00e9s par l\\u2019acc\\u00e8s ou l\\u2019utilisation du site par quiconque ou encore par l\\u2019impossibilit\\u00e9 d\\u2019y acc\\u00e9der. En outre, Thomaere Nicolas & Victor SASPJ ne pourra en aucun cas \\u00eatre retenue pour responsable de dommages r\\u00e9sultant de l\\u2019interpr\\u00e9tation et\\\/ou de l\\u2019utilisation des informations disponibles sur ce site.<\\\/p>\\n\n\n<h2>Liens hypertextes<\\\/h2>\\n\n\n<p>Notre site internet contient des liens hypertextes permettant l\\u2019acc\\u00e8s \\u00e0 des sites qui ne sont pas \\u00e9dit\\u00e9s par Thomaere Nicolas & Victor SASPJ. En cons\\u00e9quence, Thomaere Nicolas & Victor SASPJ ne saurait \\u00eatre tenus responsable du contenu des sites auxquels l\\u2019internaute aurait ainsi acc\\u00e8s. Thomaere Nicolas & Victor SASPJ n\\u2019est pas responsable ni de leur int\\u00e9gral respect aux normes d\\u2019ordre public et bonnes m\\u0153urs, d\\u2019une part, ni de leur politique de protection des donn\\u00e9es personnelles ou d\\u2019utilisation qui en seraient faites, d\\u2019autre part.<\\\/p>\\n\n\n<p>En acc\\u00e9dant \\u00e0 un autre site, par l\\u2019interm\\u00e9diaire d\\u2019un lien hypertexte, l\\u2019utilisateur accepte que cet acc\\u00e8s s\\u2019effectue \\u00e0 ses risques et p\\u00e9rils. En cons\\u00e9quence, tout pr\\u00e9judice direct ou indirect r\\u00e9sultant de son acc\\u00e8s \\u00e0 un autre site reli\\u00e9 par un lien hypertexte ne peut engager la responsabilit\\u00e9 de Thomaere Nicolas & Victor SASPJ. Enfin, la cr\\u00e9ation de liens hypertextes vers notre site doit faire l\\u2019objet d\\u2019une autorisation au pr\\u00e9alable de l\\u2019\\u00e9diteur.<\\\/p>\\n\n\n<h2>Modification des pr\\u00e9sentes mentions et droit applicable<\\\/h2>\\n\n\n<p>Le droit applicable est le droit Belge. Thomaere Nicolas & Victor SASPJ se r\\u00e9serve le droit de modifier ou de compl\\u00e9ter les pr\\u00e9sentes mentions \\u00e0 tout moment et sans pr\\u00e9avis.<\\\/p>\",\"margin\":\"default\"}}]}],\"props\":{\"margin\":\"large\",\"margin_remove_bottom\":true,\"width\":\"xlarge\"}}]}],\"version\":\"4.2.11\"} --><\/p>\n","protected":false},"excerpt":{"rendered":"<p>Mentions l\u00e9gales Le pr\u00e9sent site internet https:\/\/biez-traiteur.com est \u00e9dit\u00e9 par la soci\u00e9t\u00e9 Thomaere Nicolas &#038; Victor SASPJ dont le si\u00e8ge social est situ\u00e9 Rue De Maire 1A \u00e0 7503 Tournai. N\u00b0 TVA : BE 0871.955.269 Le Directeur de la publication du pr\u00e9sent site est Thomaere Nicolas &#038; Victor SASPJ. La gestion administrative et technique est [&hellip;]<\/p>\n","protected":false},"author":14,"featured_media":0,"parent":0,"menu_order":0,"comment_status":"closed","ping_status":"closed","template":"","meta":{"_acf_changed":false,"footnotes":""},"class_list":["post-2678","page","type-page","status-publish","hentry"],"acf":[],"yoast_head":"<!-- This site is optimized with the Yoast SEO plugin v24.2 - https:\/\/yoast.com\/wordpress\/plugins\/seo\/ -->\n<title>Biez - Juridische informatie<\/title>\n<meta name=\"robots\" content=\"index, follow, max-snippet:-1, max-image-preview:large, max-video-preview:-1\" \/>\n<link rel=\"canonical\" href=\"https:\/\/biez-traiteur.com\/nl\/juridische-informatie\/\" \/>\n<meta property=\"og:locale\" content=\"nl_NL\" \/>\n<meta property=\"og:type\" content=\"article\" \/>\n<meta property=\"og:title\" content=\"Biez - Juridische informatie\" \/>\n<meta property=\"og:description\" content=\"Mentions l\u00e9gales Le pr\u00e9sent site internet https:\/\/biez-traiteur.com est \u00e9dit\u00e9 par la soci\u00e9t\u00e9 Thomaere Nicolas &#038; Victor SASPJ dont le si\u00e8ge social est situ\u00e9 Rue De Maire 1A \u00e0 7503 Tournai. N\u00b0 TVA : BE 0871.955.269 Le Directeur de la publication du pr\u00e9sent site est Thomaere Nicolas &#038; Victor SASPJ. La gestion administrative et technique est [&hellip;]\" \/>\n<meta property=\"og:url\" content=\"https:\/\/biez-traiteur.com\/nl\/juridische-informatie\/\" \/>\n<meta property=\"og:site_name\" content=\"Biez Traiteur\" \/>\n<meta property=\"article:modified_time\" content=\"2024-03-01T15:47:17+00:00\" \/>\n<meta name=\"twitter:card\" content=\"summary_large_image\" \/>\n<meta name=\"twitter:label1\" content=\"Geschatte leestijd\" \/>\n\t<meta name=\"twitter:data1\" content=\"4 minuten\" \/>\n<script type=\"application\/ld+json\" class=\"yoast-schema-graph\">{\"@context\":\"https:\/\/schema.org\",\"@graph\":[{\"@type\":\"WebPage\",\"@id\":\"https:\/\/biez-traiteur.com\/nl\/juridische-informatie\/\",\"url\":\"https:\/\/biez-traiteur.com\/nl\/juridische-informatie\/\",\"name\":\"Biez - Juridische informatie\",\"isPartOf\":{\"@id\":\"https:\/\/biez-traiteur.com\/#website\"},\"datePublished\":\"2022-11-23T14:54:50+00:00\",\"dateModified\":\"2024-03-01T15:47:17+00:00\",\"breadcrumb\":{\"@id\":\"https:\/\/biez-traiteur.com\/nl\/juridische-informatie\/#breadcrumb\"},\"inLanguage\":\"nl-NL\",\"potentialAction\":[{\"@type\":\"ReadAction\",\"target\":[\"https:\/\/biez-traiteur.com\/nl\/juridische-informatie\/\"]}]},{\"@type\":\"BreadcrumbList\",\"@id\":\"https:\/\/biez-traiteur.com\/nl\/juridische-informatie\/#breadcrumb\",\"itemListElement\":[{\"@type\":\"ListItem\",\"position\":1,\"name\":\"Accueil\",\"item\":\"https:\/\/biez-traiteur.com\/nl\/\"},{\"@type\":\"ListItem\",\"position\":2,\"name\":\"Juridische informatie\"}]},{\"@type\":\"WebSite\",\"@id\":\"https:\/\/biez-traiteur.com\/#website\",\"url\":\"https:\/\/biez-traiteur.com\/\",\"name\":\"Biez Traiteur\",\"description\":\"Tournai - Mouscron - Lille\",\"potentialAction\":[{\"@type\":\"SearchAction\",\"target\":{\"@type\":\"EntryPoint\",\"urlTemplate\":\"https:\/\/biez-traiteur.com\/?s={search_term_string}\"},\"query-input\":{\"@type\":\"PropertyValueSpecification\",\"valueRequired\":true,\"valueName\":\"search_term_string\"}}],\"inLanguage\":\"nl-NL\"}]}<\/script>\n<!-- \/ Yoast SEO plugin. -->","yoast_head_json":{"title":"Biez - Juridische informatie","robots":{"index":"index","follow":"follow","max-snippet":"max-snippet:-1","max-image-preview":"max-image-preview:large","max-video-preview":"max-video-preview:-1"},"canonical":"https:\/\/biez-traiteur.com\/nl\/juridische-informatie\/","og_locale":"nl_NL","og_type":"article","og_title":"Biez - Juridische informatie","og_description":"Mentions l\u00e9gales Le pr\u00e9sent site internet https:\/\/biez-traiteur.com est \u00e9dit\u00e9 par la soci\u00e9t\u00e9 Thomaere Nicolas &#038; Victor SASPJ dont le si\u00e8ge social est situ\u00e9 Rue De Maire 1A \u00e0 7503 Tournai. N\u00b0 TVA : BE 0871.955.269 Le Directeur de la publication du pr\u00e9sent site est Thomaere Nicolas &#038; Victor SASPJ. La gestion administrative et technique est [&hellip;]","og_url":"https:\/\/biez-traiteur.com\/nl\/juridische-informatie\/","og_site_name":"Biez Traiteur","article_modified_time":"2024-03-01T15:47:17+00:00","twitter_card":"summary_large_image","twitter_misc":{"Geschatte leestijd":"4 minuten"},"schema":{"@context":"https:\/\/schema.org","@graph":[{"@type":"WebPage","@id":"https:\/\/biez-traiteur.com\/nl\/juridische-informatie\/","url":"https:\/\/biez-traiteur.com\/nl\/juridische-informatie\/","name":"Biez - Juridische informatie","isPartOf":{"@id":"https:\/\/biez-traiteur.com\/#website"},"datePublished":"2022-11-23T14:54:50+00:00","dateModified":"2024-03-01T15:47:17+00:00","breadcrumb":{"@id":"https:\/\/biez-traiteur.com\/nl\/juridische-informatie\/#breadcrumb"},"inLanguage":"nl-NL","potentialAction":[{"@type":"ReadAction","target":["https:\/\/biez-traiteur.com\/nl\/juridische-informatie\/"]}]},{"@type":"BreadcrumbList","@id":"https:\/\/biez-traiteur.com\/nl\/juridische-informatie\/#breadcrumb","itemListElement":[{"@type":"ListItem","position":1,"name":"Accueil","item":"https:\/\/biez-traiteur.com\/nl\/"},{"@type":"ListItem","position":2,"name":"Juridische informatie"}]},{"@type":"WebSite","@id":"https:\/\/biez-traiteur.com\/#website","url":"https:\/\/biez-traiteur.com\/","name":"Biez Traiteur","description":"Tournai - Mouscron - Lille","potentialAction":[{"@type":"SearchAction","target":{"@type":"EntryPoint","urlTemplate":"https:\/\/biez-traiteur.com\/?s={search_term_string}"},"query-input":{"@type":"PropertyValueSpecification","valueRequired":true,"valueName":"search_term_string"}}],"inLanguage":"nl-NL"}]}},"_links":{"self":[{"href":"https:\/\/biez-traiteur.com\/nl\/wp-json\/wp\/v2\/pages\/2678","targetHints":{"allow":["GET"]}}],"collection":[{"href":"https:\/\/biez-traiteur.com\/nl\/wp-json\/wp\/v2\/pages"}],"about":[{"href":"https:\/\/biez-traiteur.com\/nl\/wp-json\/wp\/v2\/types\/page"}],"author":[{"embeddable":true,"href":"https:\/\/biez-traiteur.com\/nl\/wp-json\/wp\/v2\/users\/14"}],"replies":[{"embeddable":true,"href":"https:\/\/biez-traiteur.com\/nl\/wp-json\/wp\/v2\/comments?post=2678"}],"version-history":[{"count":1,"href":"https:\/\/biez-traiteur.com\/nl\/wp-json\/wp\/v2\/pages\/2678\/revisions"}],"predecessor-version":[{"id":2764,"href":"https:\/\/biez-traiteur.com\/nl\/wp-json\/wp\/v2\/pages\/2678\/revisions\/2764"}],"wp:attachment":[{"href":"https:\/\/biez-traiteur.com\/nl\/wp-json\/wp\/v2\/media?parent=2678"}],"curies":[{"name":"wp","href":"https:\/\/api.w.org\/{rel}","templated":true}]}}