{"id":4232,"date":"2024-11-07T07:49:49","date_gmt":"2024-11-07T06:49:49","guid":{"rendered":"https:\/\/v2.biez-traiteur.com\/reservation\/"},"modified":"2024-11-15T11:42:31","modified_gmt":"2024-11-15T10:42:31","slug":"reservatie","status":"publish","type":"page","link":"https:\/\/biez-traiteur.com\/nl\/reservatie\/","title":{"rendered":"Restaurant"},"content":{"rendered":"<h1>\n<p>Reservatie Z\u00e9z\u00e9<\/p>\n<\/h1>\n<hr>\n<div>\n<p>Z\u00e9z\u00e9 is een winterguinguette die zijn intrek neemt in de Orangerie du Ch\u00e2teau du Biez van 23 november 2024 tot 16 februari 2025.<\/p>\n<p>Kom genieten van de gezellige sfeer en onze winterse gerechten.<\/p>\n<\/div>\n<div>\n<script>\n  if (typeof hasAmeliaEntitiesApiCall === 'undefined' && '' === '') {\n    var hasAmeliaEntitiesApiCall = true;\n  }\n  var ameliaShortcodeData = (typeof ameliaShortcodeData === 'undefined') ? [] : ameliaShortcodeData;\n  ameliaShortcodeData.push(\n    {\n      'hasApiCall': (typeof hasAmeliaEntitiesApiCall !== 'undefined') && hasAmeliaEntitiesApiCall,\n      'trigger': '',\n      'trigger_type': '',\n      'triggered_form': 'sbsNew',\n      'in_dialog': '',\n      'show': '',\n      'counter': '1000',\n      'category': '',\n      'service': '',\n      'employee': '',\n      'location': '',\n      'package': ''\n    }\n  );\n\n  var ameliaShortcodeDataTriggered = (typeof ameliaShortcodeDataTriggered === 'undefined') ? [] : ameliaShortcodeDataTriggered;\n  if (ameliaShortcodeData[ameliaShortcodeData.length - 1].trigger !== '') {\n    if (ameliaShortcodeDataTriggered.filter(a => a.counter === ameliaShortcodeData[ameliaShortcodeData.length - 1].counter).length === 0) {\n      ameliaShortcodeDataTriggered.push(ameliaShortcodeData.pop());\n    } else {\n      ameliaShortcodeData.pop()\n    }\n  }\n  if (typeof hasAmeliaEntitiesApiCall !== 'undefined' && hasAmeliaEntitiesApiCall) {\n    hasAmeliaEntitiesApiCall = false;\n  }\n<\/script>\n\n<div\n  id=\"amelia-v2-booking-1000\"\n  class=\"amelia-v2-booking\"\n >\n    <step-form-wrapper><\/step-form-wrapper><\/div>\n<\/div>\n<p><!--more--><br \/>\n<!-- {\"type\":\"layout\",\"children\":[{\"name\":\"Booking\",\"type\":\"section\",\"props\":{\"css\":\"@media (max-width: 1600px)  {\\n    .el-section > * {\\n        background-size: 480px!important;\\n    }\\n}\",\"image_effect\":\"parallax\",\"image_loading\":true,\"image_parallax_easing\":\"1\",\"image_position\":\"top-right\",\"image_width\":\"600\",\"media_visibility\":\"l\",\"style\":\"default\",\"title_breakpoint\":\"xl\",\"title_position\":\"top-left\",\"title_rotation\":\"left\",\"vertical_align\":\"middle\",\"width\":\"xlarge\"},\"children\":[{\"type\":\"row\",\"props\":{\"margin\":\"xlarge\",\"margin_remove_bottom\":true},\"children\":[{\"type\":\"column\",\"props\":{\"image_position\":\"center-center\",\"position_sticky_breakpoint\":\"m\",\"width_medium\":\"1-1\"},\"children\":[{\"type\":\"headline\",\"props\":{\"content\":\"\n\n<p>Reservatie Z\\u00e9z\\u00e9<\\\/p>\",\"text_align\":\"center\",\"title_element\":\"h1\",\"title_style\":\"heading-small\"}},{\"type\":\"divider\",\"props\":{\"divider_align\":\"center\",\"divider_element\":\"hr\",\"divider_style\":\"vertical\",\"margin_remove_bottom\":false}},{\"type\":\"text\",\"props\":{\"block_align\":\"center\",\"column_breakpoint\":\"m\",\"content\":\"\n\n<p>Z\\u00e9z\\u00e9 is een winterguinguette die zijn intrek neemt in de Orangerie du Ch\\u00e2teau du Biez van 23 november 2024 tot 16 februari 2025.<\\\/p>\\n\n\n<p>Kom genieten van de gezellige sfeer en onze winterse gerechten.<\\\/p>\",\"margin\":\"\",\"margin_remove_bottom\":false,\"text_align\":\"center\"}}]}]},{\"type\":\"row\",\"props\":{\"column_gap\":\"large\",\"margin_remove_top\":false,\"row_gap\":\"medium\",\"vertical_align\":true},\"children\":[{\"type\":\"column\",\"props\":{\"image_position\":\"center-center\",\"position_sticky_breakpoint\":\"m\",\"vertical_align\":\"middle\"},\"children\":[{\"type\":\"text\",\"props\":{\"column_breakpoint\":\"m\",\"content\":\"[ameliastepbooking]\",\"margin\":\"default\",\"margin_remove_top\":false}}]}]}]}],\"version\":\"4.3.6\"} --><\/p>\n","protected":false},"excerpt":{"rendered":"<p>Reservatie Z\u00e9z\u00e9 Z\u00e9z\u00e9 is een winterguinguette die zijn intrek neemt in de Orangerie du Ch\u00e2teau du Biez van 23 november 2024 tot 16 februari 2025. Kom genieten van de gezellige sfeer en onze winterse gerechten.<\/p>\n","protected":false},"author":15,"featured_media":0,"parent":0,"menu_order":0,"comment_status":"closed","ping_status":"closed","template":"","meta":{"_acf_changed":false,"footnotes":""},"class_list":["post-4232","page","type-page","status-publish","hentry"],"acf":[],"yoast_head":"<!-- This site is optimized with the Yoast SEO plugin v27.4 - https:\/\/yoast.com\/product\/yoast-seo-wordpress\/ -->\n<title>Biez - Reservatie<\/title>\n<meta name=\"robots\" content=\"index, follow, max-snippet:-1, max-image-preview:large, max-video-preview:-1\" \/>\n<link rel=\"canonical\" href=\"https:\/\/biez-traiteur.com\/nl\/reservatie\/\" \/>\n<meta property=\"og:locale\" content=\"nl_NL\" \/>\n<meta property=\"og:type\" content=\"article\" \/>\n<meta property=\"og:title\" content=\"Biez - Reservatie\" \/>\n<meta property=\"og:description\" content=\"Reservatie Z\u00e9z\u00e9 Z\u00e9z\u00e9 is een winterguinguette die zijn intrek neemt in de Orangerie du Ch\u00e2teau du Biez van 23 november 2024 tot 16 februari 2025. Kom genieten van de gezellige sfeer en onze winterse gerechten.\" \/>\n<meta property=\"og:url\" content=\"https:\/\/biez-traiteur.com\/nl\/reservatie\/\" \/>\n<meta property=\"og:site_name\" content=\"Biez Traiteur\" \/>\n<meta property=\"article:modified_time\" content=\"2024-11-15T10:42:31+00:00\" \/>\n<meta name=\"twitter:card\" content=\"summary_large_image\" \/>\n<meta name=\"twitter:label1\" content=\"Geschatte leestijd\" \/>\n\t<meta name=\"twitter:data1\" content=\"1 minuut\" \/>\n<script type=\"application\/ld+json\" class=\"yoast-schema-graph\">{\"@context\":\"https:\\\/\\\/schema.org\",\"@graph\":[{\"@type\":\"WebPage\",\"@id\":\"https:\\\/\\\/biez-traiteur.com\\\/nl\\\/reservatie\\\/\",\"url\":\"https:\\\/\\\/biez-traiteur.com\\\/nl\\\/reservatie\\\/\",\"name\":\"Biez - Reservatie\",\"isPartOf\":{\"@id\":\"https:\\\/\\\/biez-traiteur.com\\\/#website\"},\"datePublished\":\"2024-11-07T06:49:49+00:00\",\"dateModified\":\"2024-11-15T10:42:31+00:00\",\"breadcrumb\":{\"@id\":\"https:\\\/\\\/biez-traiteur.com\\\/nl\\\/reservatie\\\/#breadcrumb\"},\"inLanguage\":\"nl-NL\",\"potentialAction\":[{\"@type\":\"ReadAction\",\"target\":[\"https:\\\/\\\/biez-traiteur.com\\\/nl\\\/reservatie\\\/\"]}]},{\"@type\":\"BreadcrumbList\",\"@id\":\"https:\\\/\\\/biez-traiteur.com\\\/nl\\\/reservatie\\\/#breadcrumb\",\"itemListElement\":[{\"@type\":\"ListItem\",\"position\":1,\"name\":\"Accueil\",\"item\":\"https:\\\/\\\/biez-traiteur.com\\\/nl\\\/\"},{\"@type\":\"ListItem\",\"position\":2,\"name\":\"Restaurant\"}]},{\"@type\":\"WebSite\",\"@id\":\"https:\\\/\\\/biez-traiteur.com\\\/#website\",\"url\":\"https:\\\/\\\/biez-traiteur.com\\\/\",\"name\":\"Biez Traiteur\",\"description\":\"Tournai - Mouscron - Lille\",\"potentialAction\":[{\"@type\":\"SearchAction\",\"target\":{\"@type\":\"EntryPoint\",\"urlTemplate\":\"https:\\\/\\\/biez-traiteur.com\\\/?s={search_term_string}\"},\"query-input\":{\"@type\":\"PropertyValueSpecification\",\"valueRequired\":true,\"valueName\":\"search_term_string\"}}],\"inLanguage\":\"nl-NL\"}]}<\/script>\n<!-- \/ Yoast SEO plugin. -->","yoast_head_json":{"title":"Biez - Reservatie","robots":{"index":"index","follow":"follow","max-snippet":"max-snippet:-1","max-image-preview":"max-image-preview:large","max-video-preview":"max-video-preview:-1"},"canonical":"https:\/\/biez-traiteur.com\/nl\/reservatie\/","og_locale":"nl_NL","og_type":"article","og_title":"Biez - Reservatie","og_description":"Reservatie Z\u00e9z\u00e9 Z\u00e9z\u00e9 is een winterguinguette die zijn intrek neemt in de Orangerie du Ch\u00e2teau du Biez van 23 november 2024 tot 16 februari 2025. Kom genieten van de gezellige sfeer en onze winterse gerechten.","og_url":"https:\/\/biez-traiteur.com\/nl\/reservatie\/","og_site_name":"Biez Traiteur","article_modified_time":"2024-11-15T10:42:31+00:00","twitter_card":"summary_large_image","twitter_misc":{"Geschatte leestijd":"1 minuut"},"schema":{"@context":"https:\/\/schema.org","@graph":[{"@type":"WebPage","@id":"https:\/\/biez-traiteur.com\/nl\/reservatie\/","url":"https:\/\/biez-traiteur.com\/nl\/reservatie\/","name":"Biez - Reservatie","isPartOf":{"@id":"https:\/\/biez-traiteur.com\/#website"},"datePublished":"2024-11-07T06:49:49+00:00","dateModified":"2024-11-15T10:42:31+00:00","breadcrumb":{"@id":"https:\/\/biez-traiteur.com\/nl\/reservatie\/#breadcrumb"},"inLanguage":"nl-NL","potentialAction":[{"@type":"ReadAction","target":["https:\/\/biez-traiteur.com\/nl\/reservatie\/"]}]},{"@type":"BreadcrumbList","@id":"https:\/\/biez-traiteur.com\/nl\/reservatie\/#breadcrumb","itemListElement":[{"@type":"ListItem","position":1,"name":"Accueil","item":"https:\/\/biez-traiteur.com\/nl\/"},{"@type":"ListItem","position":2,"name":"Restaurant"}]},{"@type":"WebSite","@id":"https:\/\/biez-traiteur.com\/#website","url":"https:\/\/biez-traiteur.com\/","name":"Biez Traiteur","description":"Tournai - Mouscron - Lille","potentialAction":[{"@type":"SearchAction","target":{"@type":"EntryPoint","urlTemplate":"https:\/\/biez-traiteur.com\/?s={search_term_string}"},"query-input":{"@type":"PropertyValueSpecification","valueRequired":true,"valueName":"search_term_string"}}],"inLanguage":"nl-NL"}]}},"_links":{"self":[{"href":"https:\/\/biez-traiteur.com\/nl\/wp-json\/wp\/v2\/pages\/4232","targetHints":{"allow":["GET"]}}],"collection":[{"href":"https:\/\/biez-traiteur.com\/nl\/wp-json\/wp\/v2\/pages"}],"about":[{"href":"https:\/\/biez-traiteur.com\/nl\/wp-json\/wp\/v2\/types\/page"}],"author":[{"embeddable":true,"href":"https:\/\/biez-traiteur.com\/nl\/wp-json\/wp\/v2\/users\/15"}],"replies":[{"embeddable":true,"href":"https:\/\/biez-traiteur.com\/nl\/wp-json\/wp\/v2\/comments?post=4232"}],"version-history":[{"count":7,"href":"https:\/\/biez-traiteur.com\/nl\/wp-json\/wp\/v2\/pages\/4232\/revisions"}],"predecessor-version":[{"id":4259,"href":"https:\/\/biez-traiteur.com\/nl\/wp-json\/wp\/v2\/pages\/4232\/revisions\/4259"}],"wp:attachment":[{"href":"https:\/\/biez-traiteur.com\/nl\/wp-json\/wp\/v2\/media?parent=4232"}],"curies":[{"name":"wp","href":"https:\/\/api.w.org\/{rel}","templated":true}]}}